{"id":294,"date":"2021-09-20T09:18:11","date_gmt":"2021-09-20T08:18:11","guid":{"rendered":"https:\/\/www.turbocom.hr\/?page_id=294"},"modified":"2026-02-10T13:09:06","modified_gmt":"2026-02-10T12:09:06","slug":"proizvodi","status":"publish","type":"page","link":"http:\/\/www.turbocom.hr\/eng\/proizvodi\/","title":{"rendered":"Products"},"content":{"rendered":"<p>[et_pb_section fb_built=&#8221;1&#8243; admin_label=&#8221;Get in Touch&#8221; _builder_version=&#8221;4.16&#8243; custom_margin=&#8221;||51px|||&#8221; custom_padding=&#8221;53px|0px|46px|0px|false|false&#8221; global_colors_info=&#8221;{}&#8221;][et_pb_row column_structure=&#8221;1_2,1_2&#8243; _builder_version=&#8221;4.16&#8243; custom_margin=&#8221;80px|auto||auto||&#8221; locked=&#8221;off&#8221; global_colors_info=&#8221;{}&#8221;][et_pb_column type=&#8221;1_2&#8243; _builder_version=&#8221;4.16&#8243; custom_padding=&#8221;||40px|&#8221; global_colors_info=&#8221;{}&#8221; custom_padding__hover=&#8221;|||&#8221;][et_pb_image src=&#8221;https:\/\/www.turbocom.hr\/wp-content\/uploads\/2021\/09\/electrician_04.png&#8221; _builder_version=&#8221;4.16&#8243; custom_margin=&#8221;||4px|&#8221; animation_style=&#8221;fold&#8221; animation_direction=&#8221;top&#8221; always_center_on_mobile=&#8221;off&#8221; locked=&#8221;off&#8221; global_colors_info=&#8221;{}&#8221;][\/et_pb_image][et_pb_text _builder_version=&#8221;4.16&#8243; text_font=&#8221;||||||||&#8221; text_font_size=&#8221;16px&#8221; text_line_height=&#8221;1.8em&#8221; header_font=&#8221;Libre Franklin|600|||||||&#8221; header_font_size=&#8221;60px&#8221; header_line_height=&#8221;1.4em&#8221; max_width=&#8221;600px&#8221; custom_margin=&#8221;||-2px|||&#8221; header_font_size_tablet=&#8221;&#8221; header_font_size_phone=&#8221;32px&#8221; header_font_size_last_edited=&#8221;on|phone&#8221; global_colors_info=&#8221;{}&#8221;]<\/p>\n<h1>Products<\/h1>\n<p>[\/et_pb_text][et_pb_text _builder_version=&#8221;4.16&#8243; text_font=&#8221;||||||||&#8221; header_font=&#8221;||||||||&#8221; header_6_font=&#8221;Libre Franklin|600|||||||&#8221; header_6_text_color=&#8221;#ffb400&#8243; header_6_font_size=&#8221;18px&#8221; header_6_line_height=&#8221;1.8em&#8221; custom_margin=&#8221;|||&#8221; custom_padding=&#8221;||5px|||&#8221; border_color_all=&#8221;#ffb400&#8243; border_width_bottom=&#8221;2px&#8221; locked=&#8221;off&#8221; global_colors_info=&#8221;{}&#8221;][\/et_pb_text][et_pb_text _builder_version=&#8221;4.27.4&#8243; text_font=&#8221;||||||||&#8221; text_font_size=&#8221;16px&#8221; text_line_height=&#8221;1.8em&#8221; header_font=&#8221;||||||||&#8221; header_2_font=&#8221;Libre Franklin|300|||||||&#8221; header_2_font_size=&#8221;42px&#8221; header_2_line_height=&#8221;1.4em&#8221; locked=&#8221;off&#8221; global_colors_info=&#8221;{}&#8221;]<\/p>\n<h2><span lang=\"hr-HR\">ImpTC 2oo3<\/span><\/h2>\n<p><em><\/em><\/p>\n<ul>\n<li data-start=\"49\" data-end=\"222\">\n<p class=\" translation-block\">ImpTC main function is to stop the supply of oil to the protection components in case of a turbine protection system activation and at the same time it discharges oil from the pipeline.<\/p>\n<\/li>\n<\/ul>\n<p>&nbsp;<\/p>\n<ul>\n<li data-start=\"224\" data-end=\"492\">\n<p class=\" translation-block\">In case of activation of 1 of the 3 channels of the protection system, either due to a measurement error, failure of protection devices or failure of the trip block, an alarm occurs but not the trip block protection activation (turbine remain in operation).<\/p>\n<\/li>\n<\/ul>\n<p>&nbsp;<\/p>\n<ul>\n<li data-start=\"494\" data-end=\"659\">\n<p class=\" translation-block\">Four pressure switches are installed on the trip block, through which the condition of the trip block is monitored. The pressure switches are connected to the turbine controller.<\/p>\n<\/li>\n<\/ul>\n<p>[\/et_pb_text][\/et_pb_column][et_pb_column type=&#8221;1_2&#8243; _builder_version=&#8221;4.16&#8243; custom_padding=&#8221;|||&#8221; global_colors_info=&#8221;{}&#8221; custom_padding__hover=&#8221;|||&#8221;][et_pb_image src=&#8221;http:\/\/www.turbocom.hr\/wp-content\/uploads\/2026\/02\/Render-3.jpg&#8221; title_text=&#8221;Render 3&#8243; show_bottom_space=&#8221;off&#8221; align_tablet=&#8221;center&#8221; align_phone=&#8221;&#8221; align_last_edited=&#8221;on|desktop&#8221; _builder_version=&#8221;4.27.4&#8243; use_background_color_gradient=&#8221;on&#8221; background_color_gradient_direction=&#8221;135deg&#8221; background_color_gradient_stops=&#8221;rgba(0,0,0,0) 70%|#ffb400 70%&#8221; background_color_gradient_start=&#8221;rgba(0,0,0,0)&#8221; background_color_gradient_start_position=&#8221;70%&#8221; background_color_gradient_end=&#8221;#ffb400&#8243; background_color_gradient_end_position=&#8221;70%&#8221; custom_padding=&#8221;|30px|30px|||false&#8221; animation_style=&#8221;zoom&#8221; animation_intensity_zoom=&#8221;2%&#8221; hover_enabled=&#8221;0&#8243; box_shadow_style=&#8221;preset1&#8243; box_shadow_vertical=&#8221;50px&#8221; box_shadow_blur=&#8221;100px&#8221; global_colors_info=&#8221;{}&#8221; sticky_enabled=&#8221;0&#8243;][\/et_pb_image][\/et_pb_column][\/et_pb_row][\/et_pb_section][et_pb_section fb_built=&#8221;1&#8243; admin_label=&#8221;FAQ&#8221; _builder_version=&#8221;4.16&#8243; background_color=&#8221;#ffb400&#8243; background_image=&#8221;https:\/\/www.turbocom.hr\/wp-content\/uploads\/2021\/09\/electrician_19.png&#8221; background_position=&#8221;top_center&#8221; min_height=&#8221;481.3px&#8221; custom_padding=&#8221;54px|0px|54px|0px|false|false&#8221; global_colors_info=&#8221;{}&#8221;][et_pb_row column_structure=&#8221;1_2,1_2&#8243; _builder_version=&#8221;4.16&#8243; custom_margin=&#8221;-6px|auto||auto||&#8221; global_colors_info=&#8221;{}&#8221;][et_pb_column type=&#8221;1_2&#8243; _builder_version=&#8221;4.16&#8243; custom_padding=&#8221;|||&#8221; global_colors_info=&#8221;{}&#8221; custom_padding__hover=&#8221;|||&#8221;][et_pb_image src=&#8221;https:\/\/www.turbocom.hr\/wp-content\/uploads\/2021\/09\/electrician_21.png&#8221; _builder_version=&#8221;4.16&#8243; custom_margin=&#8221;||4px|&#8221; animation_style=&#8221;fold&#8221; animation_direction=&#8221;top&#8221; always_center_on_mobile=&#8221;off&#8221; locked=&#8221;off&#8221; global_colors_info=&#8221;{}&#8221;][\/et_pb_image][et_pb_text _builder_version=&#8221;4.16&#8243; text_font=&#8221;||||||||&#8221; text_font_size=&#8221;16px&#8221; text_line_height=&#8221;1.8em&#8221; header_font=&#8221;||||||||&#8221; header_2_font=&#8221;Libre Franklin|300|||||||&#8221; header_2_font_size=&#8221;42px&#8221; header_2_line_height=&#8221;1.4em&#8221; custom_padding=&#8221;||0px|||&#8221; locked=&#8221;off&#8221; global_colors_info=&#8221;{}&#8221;]<\/p>\n<h2><span lang=\"hr-HR\">Key features<\/span><\/h2>\n<p>[\/et_pb_text][et_pb_text _builder_version=&#8221;4.27.4&#8243; text_font=&#8221;||||||||&#8221; text_font_size=&#8221;16px&#8221; text_line_height=&#8221;1.8em&#8221; header_font=&#8221;||||||||&#8221; header_2_font=&#8221;Libre Franklin|300|||||||&#8221; header_2_font_size=&#8221;42px&#8221; header_2_line_height=&#8221;1.4em&#8221; custom_margin=&#8221;-29px|||||&#8221; locked=&#8221;off&#8221; global_colors_info=&#8221;{}&#8221;]<\/p>\n<ul>\n<li data-start=\"42\" data-end=\"77\">\n<h3>SIMPLE AND ROBUST DESIGN<\/h3>\n<\/li>\n<\/ul>\n<p data-start=\"78\" data-end=\"283\" class=\" translation-block\">The trip block ImpTC can be applied in a flexible way to support different installations. The trip block will be automatically tested during operation as it requires an interface to an appropriate control solution.<\/p>\n<ul>\n<li data-start=\"285\" data-end=\"320\">\n<h3>IEC61508 COMPLIANCE<\/h3>\n<\/li>\n<\/ul>\n<p data-start=\"321\" data-end=\"595\" class=\" translation-block\">Today\u2019s requirements on modern protection systems, demand increased attention to the hydraulic and mechanical safety installations. The basis for these protection systems is the IEC61508 standard and ImpTC trip block is designed and certified   to meet these requirements.<\/p>\n<ul>\n<li data-start=\"597\" data-end=\"617\">\n<h3>2oo3 TRIP BLOCK<\/h3>\n<\/li>\n<\/ul>\n<p data-start=\"618\" data-end=\"1042\" class=\" translation-block\">The hydraulic trip block is designed to satisfy today\u2019s demanding operating environments. The new hydraulic trip block is based upon a well proven 2 out of 3 functional principle, ensuring the highest availability at all times. The ImpTC trip block is designed to be easily implemented into a variety of applications and especially to seamlessly complement a modular integrated upgrade of the turbine control and protection system.<\/p>\n<p><span style=\"color: #000000;\"><\/span><span style=\"color: #000000;\"><\/span><\/p>\n<p>[\/et_pb_text][\/et_pb_column][et_pb_column type=&#8221;1_2&#8243; _builder_version=&#8221;4.16&#8243; custom_padding=&#8221;|||&#8221; global_colors_info=&#8221;{}&#8221; custom_padding__hover=&#8221;|||&#8221;][et_pb_image src=&#8221;https:\/\/www.turbocom.hr\/wp-content\/uploads\/2025\/05\/WhatsApp-Image-2025-05-27-at-11.51.32-1-e1748339819602.jpeg&#8221; title_text=&#8221;WhatsApp Image 2025-05-27 at 11.51.32 (1)&#8221; show_bottom_space=&#8221;off&#8221; align_tablet=&#8221;center&#8221; align_phone=&#8221;&#8221; align_last_edited=&#8221;on|desktop&#8221; _builder_version=&#8221;4.27.4&#8243; use_background_color_gradient=&#8221;on&#8221; background_color_gradient_direction=&#8221;135deg&#8221; background_color_gradient_stops=&#8221;rgba(0,0,0,0) 70%|#ffb400 70%&#8221; background_color_gradient_start=&#8221;rgba(0,0,0,0)&#8221; background_color_gradient_start_position=&#8221;70%&#8221; background_color_gradient_end=&#8221;#ffb400&#8243; background_color_gradient_end_position=&#8221;70%&#8221; custom_margin=&#8221;68px||42px|||&#8221; custom_padding=&#8221;|30px|30px|||false&#8221; animation_style=&#8221;zoom&#8221; animation_intensity_zoom=&#8221;2%&#8221; box_shadow_style=&#8221;preset1&#8243; box_shadow_vertical=&#8221;50px&#8221; box_shadow_blur=&#8221;100px&#8221; global_colors_info=&#8221;{}&#8221;][\/et_pb_image][\/et_pb_column][\/et_pb_row][\/et_pb_section][et_pb_section fb_built=&#8221;1&#8243; _builder_version=&#8221;4.16&#8243; _module_preset=&#8221;default&#8221; global_colors_info=&#8221;{}&#8221;][et_pb_row column_structure=&#8221;1_2,1_2&#8243; _builder_version=&#8221;4.16&#8243; _module_preset=&#8221;default&#8221; global_colors_info=&#8221;{}&#8221;][et_pb_column type=&#8221;1_2&#8243; _builder_version=&#8221;4.16&#8243; _module_preset=&#8221;default&#8221; global_colors_info=&#8221;{}&#8221;][et_pb_image src=&#8221;https:\/\/www.turbocom.hr\/wp-content\/uploads\/2025\/04\/Slika2.png&#8221; title_text=&#8221;Slika2&#8243; show_bottom_space=&#8221;off&#8221; force_fullwidth=&#8221;on&#8221; align_tablet=&#8221;center&#8221; align_phone=&#8221;&#8221; align_last_edited=&#8221;on|desktop&#8221; _builder_version=&#8221;4.27.4&#8243; use_background_color_gradient=&#8221;on&#8221; background_color_gradient_direction=&#8221;135deg&#8221; background_color_gradient_stops=&#8221;rgba(0,0,0,0) 70%|#ffb400 70%&#8221; background_color_gradient_start=&#8221;rgba(0,0,0,0)&#8221; background_color_gradient_start_position=&#8221;70%&#8221; background_color_gradient_end=&#8221;#ffb400&#8243; background_color_gradient_end_position=&#8221;70%&#8221; max_height=&#8221;1000px&#8221; custom_margin=&#8221;17px||19px|||&#8221; custom_padding=&#8221;|30px|30px|||false&#8221; animation_style=&#8221;zoom&#8221; animation_intensity_zoom=&#8221;2%&#8221; box_shadow_style=&#8221;preset1&#8243; box_shadow_vertical=&#8221;50px&#8221; box_shadow_blur=&#8221;100px&#8221; global_colors_info=&#8221;{}&#8221;][\/et_pb_image][\/et_pb_column][et_pb_column type=&#8221;1_2&#8243; _builder_version=&#8221;4.16&#8243; _module_preset=&#8221;default&#8221; global_colors_info=&#8221;{}&#8221;][et_pb_image src=&#8221;https:\/\/www.turbocom.hr\/wp-content\/uploads\/2021\/09\/electrician_21.png&#8221; _builder_version=&#8221;4.16&#8243; custom_margin=&#8221;||4px|&#8221; animation_style=&#8221;fold&#8221; animation_direction=&#8221;top&#8221; always_center_on_mobile=&#8221;off&#8221; locked=&#8221;off&#8221; global_colors_info=&#8221;{}&#8221;][\/et_pb_image][et_pb_text _builder_version=&#8221;4.16&#8243; text_font=&#8221;||||||||&#8221; text_font_size=&#8221;16px&#8221; text_line_height=&#8221;1.8em&#8221; header_font=&#8221;||||||||&#8221; header_2_font=&#8221;Libre Franklin|300|||||||&#8221; header_2_font_size=&#8221;42px&#8221; header_2_line_height=&#8221;1.4em&#8221; custom_margin=&#8221;||2px|||&#8221; custom_padding=&#8221;||19px|||&#8221; locked=&#8221;off&#8221; global_colors_info=&#8221;{}&#8221;]<\/p>\n<h2><span lang=\"hr-HR\">Benefits<\/span><\/h2>\n<p>[\/et_pb_text][et_pb_text _builder_version=&#8221;4.27.4&#8243; text_font=&#8221;||||||||&#8221; text_font_size=&#8221;16px&#8221; text_line_height=&#8221;1.8em&#8221; header_font=&#8221;||||||||&#8221; header_2_font=&#8221;Libre Franklin|300|||||||&#8221; header_2_font_size=&#8221;42px&#8221; header_2_line_height=&#8221;1.4em&#8221; custom_margin=&#8221;-29px|||||&#8221; locked=&#8221;off&#8221; global_colors_info=&#8221;{}&#8221;]<\/p>\n<ul>\n<li data-start=\"42\" data-end=\"77\">\n<h3>SYSTEM LIFE EXTENSION<\/h3>\n<\/li>\n<\/ul>\n<p data-start=\"78\" data-end=\"283\" class=\"\">Turbines equipped with aging hydraulic protection systems are difficult to maintain and spare parts are increasingly difficult to source. The new hydraulic safety system eliminates these issues.<\/p>\n<ul>\n<li data-start=\"285\" data-end=\"320\">\n<h3>OUTAGE TIME REDUCTION<\/h3>\n<\/li>\n<\/ul>\n<p data-start=\"321\" data-end=\"595\" class=\"\">Compact design and a reduced weight of the trip block facilitate easier installation and can typically be replaced and commissioned during a standard inspection.<\/p>\n<ul>\n<li data-start=\"597\" data-end=\"617\">\n<h3>AVAILABILITY IMPROVEMENT<\/h3>\n<\/li>\n<\/ul>\n<p data-start=\"618\" data-end=\"1042\" class=\"\">The upgrade reduces the probability of a forced outage due to aging systems, while preventing costly and time consuming repairs.<\/p>\n<p><span style=\"color: #000000;\"><\/span><span style=\"color: #000000;\"><\/span><\/p>\n<p>[\/et_pb_text][\/et_pb_column][\/et_pb_row][\/et_pb_section][et_pb_section fb_built=&#8221;1&#8243; admin_label=&#8221;FAQ&#8221; _builder_version=&#8221;4.16&#8243; background_color=&#8221;#ffb400&#8243; background_image=&#8221;https:\/\/www.turbocom.hr\/wp-content\/uploads\/2021\/09\/electrician_19.png&#8221; background_position=&#8221;top_center&#8221; min_height=&#8221;474.3px&#8221; custom_margin=&#8221;86px|||||&#8221; custom_padding=&#8221;40px|0px|54px|0px|false|false&#8221; global_colors_info=&#8221;{}&#8221;][et_pb_row column_structure=&#8221;1_2,1_2&#8243; _builder_version=&#8221;4.16&#8243; width=&#8221;80.5%&#8221; custom_margin=&#8221;-6px|auto||auto||&#8221; custom_padding=&#8221;14px|||||&#8221; global_colors_info=&#8221;{}&#8221;][et_pb_column type=&#8221;1_2&#8243; _builder_version=&#8221;4.16&#8243; custom_padding=&#8221;|||&#8221; global_colors_info=&#8221;{}&#8221; custom_padding__hover=&#8221;|||&#8221;][et_pb_image src=&#8221;https:\/\/www.turbocom.hr\/wp-content\/uploads\/2021\/09\/electrician_21.png&#8221; _builder_version=&#8221;4.16&#8243; custom_margin=&#8221;||4px|&#8221; animation_style=&#8221;fold&#8221; animation_direction=&#8221;top&#8221; always_center_on_mobile=&#8221;off&#8221; locked=&#8221;off&#8221; global_colors_info=&#8221;{}&#8221;][\/et_pb_image][et_pb_text _builder_version=&#8221;4.27.4&#8243; text_font=&#8221;||||||||&#8221; text_font_size=&#8221;16px&#8221; text_line_height=&#8221;1.8em&#8221; header_font=&#8221;||||||||&#8221; header_2_font=&#8221;Libre Franklin|300|||||||&#8221; header_2_font_size=&#8221;42px&#8221; header_2_line_height=&#8221;1.4em&#8221; custom_padding=&#8221;||0px|||&#8221; locked=&#8221;off&#8221; global_colors_info=&#8221;{}&#8221;]<\/p>\n<h2>Tehnical specifications<\/h2>\n<ul>\n<li>\u00a0Certified according IEC 61508 up to and including SIL3<\/li>\n<li>Dimension: 380 x 223 x 309 mm<\/li>\n<li>Pressure range: 2 to 40 bar<\/li>\n<li>Power supply: 24 V DC \u00b1 10%<\/li>\n<li>Response time: less than 25 ms<\/li>\n<\/ul>\n<p>&nbsp;<\/p>\n<p>[\/et_pb_text][et_pb_image src=&#8221;https:\/\/www.turbocom.hr\/wp-content\/uploads\/2025\/04\/Snimka-zaslona-2025-04-14-082007.png&#8221; title_text=&#8221;Snimka zaslona 2025-04-14 082007&#8243; _builder_version=&#8221;4.27.4&#8243; global_colors_info=&#8221;{}&#8221;][\/et_pb_image][\/et_pb_column][et_pb_column type=&#8221;1_2&#8243; _builder_version=&#8221;4.16&#8243; custom_padding=&#8221;|||&#8221; global_colors_info=&#8221;{}&#8221; custom_padding__hover=&#8221;|||&#8221;][et_pb_image src=&#8221;https:\/\/www.turbocom.hr\/wp-content\/uploads\/2025\/04\/Snimka-zaslona-2025-04-14-082017.png&#8221; title_text=&#8221;Snimka zaslona 2025-04-14 082017&#8243; _builder_version=&#8221;4.27.4&#8243; _module_preset=&#8221;default&#8221; global_colors_info=&#8221;{}&#8221;][\/et_pb_image][\/et_pb_column][\/et_pb_row][\/et_pb_section]<\/p>","protected":false},"excerpt":{"rendered":"<p>ProizvodiImpTC 2oo3 Glavna funkcija ImpTC-a je zaustaviti dovod ulja za\u0161titnim komponentama u slu\u010daju aktivacije sustava za\u0161tite turbine, te istovremeno ispustiti ulje iz cjevovoda. &nbsp; U slu\u010daju aktivacije jednog od tri kanala sustava za\u0161tite, bilo zbog pogre\u0161ke u mjerenju, kvara za\u0161titnih ure\u0111aja ili kvara trip bloka, dolazi do aktivacije alarma, ali ne dolazi do aktivacije za\u0161tite [&hellip;]<\/p>","protected":false},"author":1,"featured_media":0,"parent":0,"menu_order":0,"comment_status":"closed","ping_status":"closed","template":"","meta":{"_et_pb_use_builder":"on","_et_pb_old_content":"","_et_gb_content_width":"","footnotes":""},"class_list":["post-294","page","type-page","status-publish","hentry"],"_links":{"self":[{"href":"http:\/\/www.turbocom.hr\/eng\/wp-json\/wp\/v2\/pages\/294","targetHints":{"allow":["GET"]}}],"collection":[{"href":"http:\/\/www.turbocom.hr\/eng\/wp-json\/wp\/v2\/pages"}],"about":[{"href":"http:\/\/www.turbocom.hr\/eng\/wp-json\/wp\/v2\/types\/page"}],"author":[{"embeddable":true,"href":"http:\/\/www.turbocom.hr\/eng\/wp-json\/wp\/v2\/users\/1"}],"replies":[{"embeddable":true,"href":"http:\/\/www.turbocom.hr\/eng\/wp-json\/wp\/v2\/comments?post=294"}],"version-history":[{"count":43,"href":"http:\/\/www.turbocom.hr\/eng\/wp-json\/wp\/v2\/pages\/294\/revisions"}],"predecessor-version":[{"id":1079,"href":"http:\/\/www.turbocom.hr\/eng\/wp-json\/wp\/v2\/pages\/294\/revisions\/1079"}],"wp:attachment":[{"href":"http:\/\/www.turbocom.hr\/eng\/wp-json\/wp\/v2\/media?parent=294"}],"curies":[{"name":"wp","href":"https:\/\/api.w.org\/{rel}","templated":true}]}}