{"id":342,"date":"2021-09-20T14:41:19","date_gmt":"2021-09-20T13:41:19","guid":{"rendered":"https:\/\/www.turbocom.hr\/?page_id=342"},"modified":"2025-04-14T08:10:25","modified_gmt":"2025-04-14T07:10:25","slug":"342-2","status":"publish","type":"page","link":"https:\/\/www.turbocom.hr\/eng\/342-2\/","title":{"rendered":"Vibrodiagnostics"},"content":{"rendered":"<p>[et_pb_section fb_built=&#8221;1&#8243; admin_label=&#8221;About Us&#8221; _builder_version=&#8221;4.16&#8243; background_color=&#8221;#ffb400&#8243; background_image=&#8221;https:\/\/www.turbocom.hr\/wp-content\/uploads\/2021\/09\/electrician_19.png&#8221; background_position=&#8221;top_center&#8221; min_height=&#8221;857.9px&#8221; custom_margin=&#8221;||-47px|||&#8221; custom_padding=&#8221;54px|0px|104px|0px|false|false&#8221; global_colors_info=&#8221;{}&#8221;][et_pb_row column_structure=&#8221;1_2,1_2&#8243; _builder_version=&#8221;4.16&#8243; min_height=&#8221;768.9px&#8221; custom_margin=&#8221;|auto|-86px|auto||&#8221; custom_padding=&#8221;||0px|||&#8221; global_colors_info=&#8221;{}&#8221;][et_pb_column type=&#8221;1_2&#8243; _builder_version=&#8221;4.16&#8243; custom_padding=&#8221;|||&#8221; global_colors_info=&#8221;{}&#8221; custom_padding__hover=&#8221;|||&#8221;][et_pb_image src=&#8221;https:\/\/www.turbocom.hr\/wp-content\/uploads\/2021\/09\/electrician_10.png&#8221; _builder_version=&#8221;4.16&#8243; custom_margin=&#8221;||4px|&#8221; animation_style=&#8221;fold&#8221; animation_direction=&#8221;top&#8221; always_center_on_mobile=&#8221;off&#8221; locked=&#8221;off&#8221; global_colors_info=&#8221;{}&#8221;][\/et_pb_image][et_pb_text _builder_version=&#8221;4.16&#8243; text_font=&#8221;||||||||&#8221; header_font=&#8221;||||||||&#8221; header_2_font=&#8221;Libre Franklin|300|||||||&#8221; header_2_font_size=&#8221;42px&#8221; header_2_line_height=&#8221;1.4em&#8221; custom_margin=&#8221;||-23px|||&#8221; header_2_font_size_tablet=&#8221;&#8221; header_2_font_size_phone=&#8221;32px&#8221; header_2_font_size_last_edited=&#8221;on|phone&#8221; locked=&#8221;off&#8221; global_colors_info=&#8221;{}&#8221;]<\/p>\n<h2><strong>Vibrodiagnostics<\/strong><\/h2>\n<p>[\/et_pb_text][et_pb_text _builder_version=&#8221;4.16&#8243; header_font=&#8221;||||||||&#8221; header_6_font=&#8221;Libre Franklin|600|||||||&#8221; header_6_text_color=&#8221;#004ffe&#8221; header_6_font_size=&#8221;18px&#8221; header_6_line_height=&#8221;1.8em&#8221; custom_margin=&#8221;||4px|||&#8221; custom_padding=&#8221;0px||0px|||&#8221; border_color_all=&#8221;#004ffe&#8221; border_width_bottom=&#8221;2px&#8221; locked=&#8221;off&#8221; global_colors_info=&#8221;{}&#8221;][\/et_pb_text][et_pb_text _builder_version=&#8221;4.16&#8243; text_font=&#8221;||||||||&#8221; text_font_size=&#8221;16px&#8221; text_line_height=&#8221;1.8em&#8221; header_font=&#8221;Libre Franklin|600|||||||&#8221; header_font_size=&#8221;60px&#8221; header_line_height=&#8221;1.4em&#8221; max_width=&#8221;600px&#8221; custom_padding=&#8221;36px|||||&#8221; header_font_size_tablet=&#8221;&#8221; header_font_size_phone=&#8221;32px&#8221; header_font_size_last_edited=&#8221;on|phone&#8221; locked=&#8221;off&#8221; global_colors_info=&#8221;{}&#8221;]<\/p>\n<p><span style=\"color: #000000;\">The experienced team of Turbocom performes vibration measurement and analytic services, as well as rotor balancing services for rotary machines in their own bearings.\u00a0Our services are used by customers from the energy sector (thermal and hydro power plants) and industry sector (petrochemicals, oil and gas industry, water supply). The machines we work on vary from several kW up to several hundred MW.<\/span><\/p>\n<p>&nbsp;<\/p>\n<p>[\/et_pb_text][et_pb_image src=&#8221;https:\/\/www.turbocom.hr\/wp-content\/uploads\/2021\/09\/IMG_0412-scaled.jpg&#8221; title_text=&#8221;IMG_0412&#8243; align_tablet=&#8221;center&#8221; align_phone=&#8221;&#8221; align_last_edited=&#8221;on|desktop&#8221; _builder_version=&#8221;4.16&#8243; use_background_color_gradient=&#8221;on&#8221; background_color_gradient_direction=&#8221;45deg&#8221; background_color_gradient_stops=&#8221;rgba(0,0,0,0.1) 30%|rgba(0,0,0,0) 30%&#8221; background_color_gradient_start=&#8221;rgba(0,0,0,0.1)&#8221; background_color_gradient_start_position=&#8221;30%&#8221; background_color_gradient_end=&#8221;rgba(0,0,0,0)&#8221; background_color_gradient_end_position=&#8221;30%&#8221; custom_padding=&#8221;||30px|30px|false|false&#8221; animation_style=&#8221;zoom&#8221; animation_intensity_zoom=&#8221;2%&#8221; box_shadow_style=&#8221;preset1&#8243; box_shadow_vertical=&#8221;50px&#8221; box_shadow_blur=&#8221;100px&#8221; global_colors_info=&#8221;{}&#8221;][\/et_pb_image][\/et_pb_column][et_pb_column type=&#8221;1_2&#8243; _builder_version=&#8221;4.16&#8243; custom_padding=&#8221;|||&#8221; global_colors_info=&#8221;{}&#8221; custom_padding__hover=&#8221;|||&#8221;][et_pb_image src=&#8221;https:\/\/www.turbocom.hr\/wp-content\/uploads\/2021\/09\/IMG_1201-scaled.jpg&#8221; title_text=&#8221;IMG_1201&#8243; align_tablet=&#8221;center&#8221; align_phone=&#8221;&#8221; align_last_edited=&#8221;on|desktop&#8221; _builder_version=&#8221;4.16&#8243; use_background_color_gradient=&#8221;on&#8221; background_color_gradient_direction=&#8221;135deg&#8221; background_color_gradient_stops=&#8221;#004ffe 30%|rgba(0,0,0,0) 30%&#8221; background_color_gradient_start=&#8221;#004ffe&#8221; background_color_gradient_start_position=&#8221;30%&#8221; background_color_gradient_end=&#8221;rgba(0,0,0,0)&#8221; background_color_gradient_end_position=&#8221;30%&#8221; custom_padding=&#8221;30px|||30px||false&#8221; animation_style=&#8221;zoom&#8221; animation_intensity_zoom=&#8221;2%&#8221; box_shadow_style=&#8221;preset1&#8243; box_shadow_vertical=&#8221;50px&#8221; box_shadow_blur=&#8221;100px&#8221; global_colors_info=&#8221;{}&#8221;][\/et_pb_image][et_pb_text _builder_version=&#8221;4.16&#8243; text_font=&#8221;||||||||&#8221; text_font_size=&#8221;16px&#8221; text_line_height=&#8221;1.8em&#8221; header_font=&#8221;Libre Franklin|600|||||||&#8221; header_font_size=&#8221;60px&#8221; header_line_height=&#8221;1.4em&#8221; max_width=&#8221;600px&#8221; custom_padding=&#8221;52px|||||&#8221; header_font_size_tablet=&#8221;&#8221; header_font_size_phone=&#8221;32px&#8221; header_font_size_last_edited=&#8221;on|phone&#8221; locked=&#8221;off&#8221; global_colors_info=&#8221;{}&#8221;]<\/p>\n<p><strong>Services:<\/strong><\/p>\n<ul>\n<li><span style=\"color: #000000;\">Vibration measurement and analysis of rotary machines (turbines, turbochargers, pumps, electric motors, generators)<\/span><\/li>\n<li><span style=\"color: #000000;\">Rotor balancing<\/span><\/li>\n<li><span style=\"color: #000000;\">Odr\u017eavanje stacionarnih sustava za mjerenje vibracija Parker Meggitt, Bently Nevada, EPRO, Schenk<\/span><\/li>\n<li><span style=\"color: #000000;\">Design and installation of new vibration measurement systems<\/span><\/li>\n<li><span style=\"color: #000000;\">Testing and calibration of vibration measuring equipment<\/span><\/li>\n<\/ul>\n<p>[\/et_pb_text][\/et_pb_column][\/et_pb_row][\/et_pb_section]<\/p>","protected":false},"excerpt":{"rendered":"<p>VibrodijagnostikaIskusni djelatnici Turbocoma vr\u0161e usluge mjerenja i analize vibracija, te usluge uravnote\u017eivanja rotora rotacionih strojeva u vlastitim le\u017eajevima. Na\u0161e usluge koriste kupci iz energetskog sektora (termo i hidroelektrane) te industrije ( petrokemija, industrija nafte i plina, vodovodi\u2026), na agregatima snage od nekoliko kW pa sve do nekoliko stotina MW. &nbsp;Usluge: Mjerenje i analiza vibracija na [&hellip;]<\/p>","protected":false},"author":1,"featured_media":0,"parent":0,"menu_order":0,"comment_status":"closed","ping_status":"closed","template":"","meta":{"_et_pb_use_builder":"on","_et_pb_old_content":"","_et_gb_content_width":"","footnotes":""},"class_list":["post-342","page","type-page","status-publish","hentry"],"_links":{"self":[{"href":"https:\/\/www.turbocom.hr\/eng\/wp-json\/wp\/v2\/pages\/342","targetHints":{"allow":["GET"]}}],"collection":[{"href":"https:\/\/www.turbocom.hr\/eng\/wp-json\/wp\/v2\/pages"}],"about":[{"href":"https:\/\/www.turbocom.hr\/eng\/wp-json\/wp\/v2\/types\/page"}],"author":[{"embeddable":true,"href":"https:\/\/www.turbocom.hr\/eng\/wp-json\/wp\/v2\/users\/1"}],"replies":[{"embeddable":true,"href":"https:\/\/www.turbocom.hr\/eng\/wp-json\/wp\/v2\/comments?post=342"}],"version-history":[{"count":7,"href":"https:\/\/www.turbocom.hr\/eng\/wp-json\/wp\/v2\/pages\/342\/revisions"}],"predecessor-version":[{"id":1008,"href":"https:\/\/www.turbocom.hr\/eng\/wp-json\/wp\/v2\/pages\/342\/revisions\/1008"}],"wp:attachment":[{"href":"https:\/\/www.turbocom.hr\/eng\/wp-json\/wp\/v2\/media?parent=342"}],"curies":[{"name":"wp","href":"https:\/\/api.w.org\/{rel}","templated":true}]}}